{"id":210,"date":"2022-03-30T15:07:53","date_gmt":"2022-03-30T15:07:53","guid":{"rendered":"https:\/\/searchparty.org\/formazione\/?page_id=210"},"modified":"2022-03-30T15:09:35","modified_gmt":"2022-03-30T15:09:35","slug":"facilitando-lidentita-di-una-chiesa-sana","status":"publish","type":"page","link":"https:\/\/searchparty.org\/formazione\/facilitando-lidentita-di-una-chiesa-sana\/","title":{"rendered":"Facilitando l\u2019Identit\u00e0 di una Chiesa Sana"},"content":{"rendered":"\n<figure class=\"wp-block-image size-large\"><img loading=\"lazy\" decoding=\"async\" width=\"1024\" height=\"674\" src=\"https:\/\/media.searchparty.org\/wp-content\/uploads\/sites\/10\/2022\/03\/27081346\/photoholgic-iS9oUbEv1rg-unsplash-1536x1011-1-1024x674.jpeg\" alt=\"\" class=\"wp-image-211\" srcset=\"https:\/\/media.searchparty.org\/wp-content\/uploads\/sites\/10\/2022\/03\/27081346\/photoholgic-iS9oUbEv1rg-unsplash-1536x1011-1-1024x674.jpeg 1024w, https:\/\/media.searchparty.org\/wp-content\/uploads\/sites\/10\/2022\/03\/27081346\/photoholgic-iS9oUbEv1rg-unsplash-1536x1011-1-300x197.jpeg 300w, https:\/\/media.searchparty.org\/wp-content\/uploads\/sites\/10\/2022\/03\/27081346\/photoholgic-iS9oUbEv1rg-unsplash-1536x1011-1-768x506.jpeg 768w, https:\/\/media.searchparty.org\/wp-content\/uploads\/sites\/10\/2022\/03\/27081346\/photoholgic-iS9oUbEv1rg-unsplash-1536x1011-1.jpeg 1536w\" sizes=\"auto, (max-width: 1024px) 100vw, 1024px\" \/><\/figure>\n\n\n\n<p>In questa lezione, vogliamo capire le basi dell\u2019identit\u00e0 della chiesa. Quando parliamo di agevolazione della chiesa, stiamo semplicemente parlando del \u201craggruppamento\u201d della raccolta e di come aiutare questo nuovo gruppo a creare insieme la propria identit\u00e0 collettiva.<\/p>\n\n\n\n<h2 class=\"wp-block-heading\">Studio di Scoperta<\/h2>\n\n\n\n<p>Leggi ciascuno dei seguenti passaggi:<\/p>\n\n\n\n<ol class=\"wp-block-list\"><li><a href=\"https:\/\/www.biblegateway.com\/passage\/?search=1+Pietro+2%3A9-10&amp;version=NR2006\">1 Pietro 2:9-10<\/a><\/li><li><a rel=\"noreferrer noopener\" href=\"https:\/\/www.biblegateway.com\/passage\/?search=1+Pietro+2:5&amp;version=NR2006\" target=\"_blank\">1 Pietro 2:5<\/a><\/li><li><a rel=\"noreferrer noopener\" href=\"https:\/\/www.biblegateway.com\/passage\/?search=1+Corinzi+12:12-31&amp;version=NR2006\" target=\"_blank\">1 Corinzi 12:12-31<\/a><\/li><li><a href=\"https:\/\/www.biblegateway.com\/passage\/?search=2+Corinzi+5:17-21&amp;version=NR2006\" target=\"_blank\" rel=\"noreferrer noopener\">2 Corinzi 5:17-21<\/a><\/li><li><a href=\"https:\/\/www.biblegateway.com\/passage\/?search=1+Timoteo+3:15&amp;version=NR2006\" target=\"_blank\" rel=\"noreferrer noopener\">1 Timoteo 3:15<\/a><\/li><\/ol>\n\n\n\n<p><strong>Domanda: <\/strong>In che modo ciascuno di questi passaggi descrive l\u2019identit\u00e0 della chiesa?<\/p>\n\n\n\n<div class=\"wp-block-genesis-blocks-gb-accordion gb-block-accordion\"><details><summary class=\"gb-accordion-title\">Discutete su questa domanda insieme come gruppo e poi clicca su questo box per leggere la risposta sotto.<\/summary><div class=\"gb-accordion-text\">\n<p><strong>1 Pietro 2:9-10<\/strong> descrive la chiesa come una nazione, anche se con alcune caratteristiche speciali. Essi erano:<\/p>\n\n\n\n<ol class=\"wp-block-list\"><li>Scelti. Dio ha scelto specificatamente questo popolo per essere Suo. Dio ha preso possesso del Suo popolo.<\/li><li>Ricevettero misericordia.&nbsp; Come risultato dell\u2019aver ricevuto misericordia da Dio, essi diventarono una nazione. Prima di ricevere misericordia non erano una nazione ma Dio ha permesso che la nazione si formasse per la Sua misericordia, e non per una qualsiasi azione compiuta da loro.<\/li><li>Essi sono una nazione regale. Questo significa che essi sono regali attraverso la connessione con il Re. Ges\u00f9 \u00e8 il Re all\u2019interno del Regno di Dio e questo popolo, questa nazione, \u00e8 connessa con il Re.<\/li><li>Essi sono una nazione di sacerdoti. Essi sono i servitori dell\u2019Iddio Altissimo, e promuovono i Suoi desideri.&nbsp;<\/li><\/ol>\n\n\n\n<p><strong>1 Pietro 2:5<\/strong> descrive la chiesa come un tipo di casa. Questa casa ha una natura spirituale, ogni parte \u00e8 come una pietra che si unisce collettivamente all\u2019altro per costruire la casa. Dice che queste pietre sono viventi e che sono costruite come un sacerdozio. Un sacerdote serve Dio, quindi noi siamo creati per essere servi di Dio, essendo stati resi santi per questo lavoro. Tutto ci\u00f2 che facciamo \u00e8 per Dio, attraverso Ges\u00f9 Cristo.<\/p>\n\n\n\n<p><strong>1 Corinzi 12:12-31<\/strong> descrive la chiesa come un corpo. In modo specifico ci si riferisce a noi come al corpo di Cristo. Ogni persona divenuta membro del corpo attraverso il battesimo dello Spirito Santo e ogni membro costituisce parte del corpo. Alcune delle parti rivestono un ruolo ed altre ne rivestono altri. Nessuna parte del corpo pu\u00f2 o dovrebbe dire all\u2019altra che essa \u00e8 inutile. Al contrario ogni parte del corpo \u00e8 estremamente importante. Dio in persona ha dato dei doni per aiutare a far crescere il corpo.<\/p>\n\n\n\n<p><strong>2 Corinzi 5:17-21<\/strong> descrive coloro che sono in Cristo in due modi: per primo dice che coloro che sono in Cristo sono delle nuove creature. Sono state rese completamente nuove come risultato di trovarsi in Cristo.<\/p>\n\n\n\n<p>Inoltre, coloro che sono in Cristo sono stati resi degli ambasciatori. Dio sta mandando fuori il Suo popolo per essere Suoi ambasciatori, coloro che portano con s\u00e9 il Suo messaggio di riconciliazione a tutte le persone del mondo.<\/p>\n\n\n\n<p><strong>1 Timoteo 3:15<\/strong> \u2013 L\u2019Apostolo Paolo scrive a Timoteo per dirgli quale condotta la chiesa dovrebbe tenere, data la sua temporanea impossibilit\u00e0 a raggiungere Timoteo. Paolo sta dicendo che Dio \u00e8 vivente, che Egli \u00e8 il fondamento di ogni verit\u00e0 e che alla Sua chiesa \u00e8 stata data la verit\u00e0 di Dio sulla quale pu\u00f2 stabilire sia un fondamento che rimanere ferma come saldata a una colonna in mezzo ad un mondo di inganni e bugie. &nbsp;<\/p>\n<\/div><\/details><\/div>\n\n\n\n<div style=\"height:30px\" aria-hidden=\"true\" class=\"wp-block-spacer\"><\/div>\n\n\n\n<p><strong>Domanda:<\/strong> Basandoci su ogni descrizione dell\u2019identit\u00e0 della chiesa nei passaggi precedenti, cosa possiamo capire circa il modo in cui essa dovrebbe operare?<\/p>\n\n\n\n<div class=\"wp-block-genesis-blocks-gb-accordion gb-block-accordion\"><details><summary class=\"gb-accordion-title\">Discutete su questa domanda insieme come gruppo e poi clicca su questo box per leggere la risposta sotto.<\/summary><div class=\"gb-accordion-text\">\n<p>Basandoci su queste scritture, ci sono diverse cose che possiamo imparare su come la chiesa dovrebbe operare:<\/p>\n\n\n\n<ul class=\"wp-block-list\"><li>\u00c8 solo per la grazia e la misericordia di Dio che noi siamo stati resi la chiesa, attraverso Cristo Ges\u00f9.&nbsp;<\/li><li>Attraverso il grande amore di Dio che mostra misericordia verso di noi, abbiamo identit\u00e0 individuali come pure un\u2019identit\u00e0 collettiva come chiesa. L\u2019intento di Dio per noi \u00e8 di viverle entrambe. La nostra identit\u00e0 in Cristo non si pu\u00f2 trovare soltanto come singolo individuo senza la comunit\u00e0 della chiesa. Come anche la nostra identit\u00e0 non si trova all\u2019interno della comunit\u00e0 senza una connessione individuale e personale con Dio attraverso Ges\u00f9 Cristo.<\/li><li>Proprio come ogni parte di una casa o ciascun membro del corpo umano \u00e8 importante, ogni persona nella chiesa riveste un ruolo importante nella vita della chiesa stessa.&nbsp;<\/li><li>Noi siamo regali. Ges\u00f9 \u00e8 il Re e la nostra identit\u00e0 \u00e8 basata sulla nostra appartenenza alla famiglia di Dio con Ges\u00f9.&nbsp;<\/li><li>In aggiunta, noi siamo servitori e sacerdoti di Dio. Come individui e come comunit\u00e0 abbiamo ricevuto dei doni da Dio per poter servire ed edificare la chiesa.<\/li><li>Ed infine noi siamo ambasciatori. Il nostro compito non \u00e8 soltanto quello di edificare e di incoraggiare la chiesa, cio\u00e8 quanti sono gi\u00e0 salvati, ma anche di portare il messaggio di riconciliazione di Dio a un mondo che \u00e8 perduto. Dio affida a noi, come Sua chiesa, la verit\u00e0 della Sua Parola. Dobbiamo portare la Sua Parola al mondo.&nbsp;<\/li><\/ul>\n<\/div><\/details><\/div>\n","protected":false},"excerpt":{"rendered":"<p>In questa lezione, vogliamo capire le basi dell\u2019identit\u00e0 della chiesa. Quando parliamo di agevolazione della chiesa, stiamo semplicemente parlando del \u201craggruppamento\u201d della raccolta e di come aiutare questo nuovo gruppo a creare insieme la propria identit\u00e0 collettiva. Studio di Scoperta Leggi ciascuno dei seguenti passaggi: 1 Pietro 2:9-10 1 Pietro 2:5 1 Corinzi 12:12-31 2&hellip; <a class=\"more-link\" href=\"https:\/\/searchparty.org\/formazione\/facilitando-lidentita-di-una-chiesa-sana\/\">Continua a leggere <span class=\"screen-reader-text\">Facilitando l\u2019Identit\u00e0 di una Chiesa Sana<\/span><\/a><\/p>\n","protected":false},"author":1,"featured_media":0,"parent":0,"menu_order":0,"comment_status":"closed","ping_status":"closed","template":"","meta":{"_acf_changed":false,"footnotes":""},"class_list":["post-210","page","type-page","status-publish","hentry","entry"],"acf":[],"featured_image_src":null,"featured_image_src_square":null,"_links":{"self":[{"href":"https:\/\/searchparty.org\/formazione\/wp-json\/wp\/v2\/pages\/210","targetHints":{"allow":["GET"]}}],"collection":[{"href":"https:\/\/searchparty.org\/formazione\/wp-json\/wp\/v2\/pages"}],"about":[{"href":"https:\/\/searchparty.org\/formazione\/wp-json\/wp\/v2\/types\/page"}],"author":[{"embeddable":true,"href":"https:\/\/searchparty.org\/formazione\/wp-json\/wp\/v2\/users\/1"}],"replies":[{"embeddable":true,"href":"https:\/\/searchparty.org\/formazione\/wp-json\/wp\/v2\/comments?post=210"}],"version-history":[{"count":3,"href":"https:\/\/searchparty.org\/formazione\/wp-json\/wp\/v2\/pages\/210\/revisions"}],"predecessor-version":[{"id":214,"href":"https:\/\/searchparty.org\/formazione\/wp-json\/wp\/v2\/pages\/210\/revisions\/214"}],"wp:attachment":[{"href":"https:\/\/searchparty.org\/formazione\/wp-json\/wp\/v2\/media?parent=210"}],"curies":[{"name":"wp","href":"https:\/\/api.w.org\/{rel}","templated":true}]}}