{"id":24,"date":"2022-01-08T18:58:42","date_gmt":"2022-01-08T18:58:42","guid":{"rendered":"https:\/\/it.searchparty.org\/?page_id=24"},"modified":"2026-04-22T09:53:05","modified_gmt":"2026-04-22T07:53:05","slug":"chi-siamo","status":"publish","type":"page","link":"https:\/\/searchparty.org\/it\/chi-siamo\/","title":{"rendered":"Chi Siamo"},"content":{"rendered":"\n<p>Search Party \u00e8 un&#8217;organizzazione no-profit 501(c)3 del Colorado formata allo scopo di avviare movimenti di discepolato e di fondare chiese tra i gruppi di persone non raggiunte. Lavoriamo per trovare, addestrare e allenare le persone a seguire Ges\u00f9 Cristo e insegnare agli altri a fare lo stesso.<\/p>\n\n\n\n<p>La nostra organizzazione si evolver\u00e0 continuamente, ma sta crescendo come un&#8217;implementazione della Pipeline della Grande Mandato, facendo sorgere efficaci lavoratori per la creazione di discepoli nelle nostre citt\u00e0 di origine e, come lo Spirito Santo ci guida, spostandoli in luoghi dove possono raggiungere coloro che hanno poco accesso al Vangelo.<\/p>\n\n\n\n<p>Seguendo lo sviluppo di questi movimenti, cercheremo opportunit\u00e0 all&#8217;interno dei movimenti appena formati per sviluppare comunit\u00e0 che siano sane spiritualmente, fisicamente ed emotivamente come una testimonianza duratura nelle comunit\u00e0 in cui vivono.<\/p>\n\n\n\n<h2 class=\"wp-block-heading\">Informazioni sul nostro lavoro ministeriale<\/h2>\n\n\n\n<p>La nostra squadra usa un processo chiamato i Quattro Campi per fare il nostro lavoro di discepolato e di impianto di chiese. Esso fornisce una struttura che crediamo provenga dall&#8217;insegnamento di Ges\u00f9 e che fu seguita dall&#8217;apostolo Paolo quando piant\u00f2 le chiese. La usiamo per pensare ai passi che vogliamo fare per vedere un discepolato e movimenti di piantare chiese nelle aree in cui stiamo lavorando. Qui, useremo i Quattro Campi per descrivere pi\u00f9 nello specifico il lavoro che facciamo:<\/p>\n\n\n\n<h3 class=\"wp-block-heading\">Campo 1 &#8211; Il campo vuoto<\/h3>\n\n\n\n<p>I campi vuoti sono luoghi dove il Vangelo non \u00e8 entrato. Questo pu\u00f2 essere piccolo come una famiglia o un gruppo di amici che non hanno sentito il Vangelo fino a una citt\u00e0, un gruppo di persone o un paese dove Ges\u00f9 non \u00e8 ancora conosciuto.<\/p>\n\n\n\n<p>Per entrare nei campi vuoti, ecco alcuni componenti del nostro ministero:<\/p>\n\n\n\n<ul class=\"wp-block-list\">\n<li>Squadre a breve termine &#8211; Le squadre vengono inviate per pregare e identificare nuove persone che sono aperte ad ascoltare il Vangelo.<\/li>\n\n\n\n<li>Stage &#8211; Come le squadre a breve termine, gli stagisti si impegnano a pregare per le persone e a trovare coloro che sono aperti ad ascoltare il Vangelo.<\/li>\n\n\n\n<li>Mappe generazionali &#8211; Attraverso le nostre relazioni dirette e quelle con cui stiamo lavorando, addestriamo le persone a cercare i luoghi dove le persone sono lontane da Dio.<\/li>\n\n\n\n<li>Preghiera a piedi &#8211; Usciamo abitualmente per pregare e chiedere a Dio dove sta lavorando, cercando opportunit\u00e0 per pregare per gli altri e condividere con loro mentre andiamo.<\/li>\n\n\n\n<li>Giardino comunitario &#8211; Il programma del giardino comunitario \u00e8 concepito come un luogo sicuro per i membri della comunit\u00e0 per lavorare e imparare, prendendo cibo fisico, benessere emotivo e fisico, e nutrimento spirituale dalla loro esperienza.<\/li>\n\n\n\n<li>Negozio di riparazione biciclette &#8211; Mentre \u00e8 ancora in fase di sviluppo, il negozio di biciclette aiuter\u00e0 a fornire i bisogni essenziali di trasporto per gli immigrati e i rifugiati. Prevediamo che il negozio di biciclette diventi una realt\u00e0 quando apriremo un nuovo centro comunitario multiuso.<\/li>\n\n\n\n<li>Ministero dei media sociali &#8211; Le persone cercano risposte online, quindi stiamo anche sviluppando dei media per trovare campi vuoti online con i quali possiamo eventualmente collegarci offline.<\/li>\n<\/ul>\n\n\n\n<h3 class=\"wp-block-heading\">Campo 2 &#8211; Seminare il seme del Vangelo<\/h3>\n\n\n\n<p>Seminiamo il seme del Vangelo quando condividiamo le nostre testimonianze dell&#8217;opera di Dio nella nostra vita o condividiamo il Vangelo, la storia della grazia e del perdono di Dio per la nostra riunificazione con lui. Lo facciamo in diversi modi:<\/p>\n\n\n\n<ul class=\"wp-block-list\">\n<li>Squadre a breve termine e stagisti condividono le loro testimonianze o il Vangelo mentre creano nuove relazioni nelle citt\u00e0 in cui lavoriamo.<\/li>\n\n\n\n<li>I nuovi discepoli condividono il Vangelo con le persone nelle loro Mappe di Generazione.<\/li>\n\n\n\n<li>Man mano che il ministero dei media si sviluppa, condivideremo il Vangelo con le persone online, cercando persone che stanno cercando una relazione con Dio.<\/li>\n<\/ul>\n\n\n\n<h3 class=\"wp-block-heading\">Campo 3 &#8211; Riprodurre discepoli<\/h3>\n\n\n\n<p>Per i nuovi discepoli che rispondono al Vangelo, vogliamo vederli crescere fino alla maturit\u00e0. Questo avviene principalmente attraverso i gruppi 3-3, studiando la Parola di Dio e mettendola in azione. I gruppi 3-3 possono svolgersi ovunque, compreso un parco, un caff\u00e8 o una casa. Uno dei luoghi che offriremo ai nostri leader per condurre i Gruppi 3-3 \u00e8 un nuovo centro comunitario.<\/p>\n\n\n\n<h3 class=\"wp-block-heading\">Campo 4 &#8211; Riproduzione di chiese<\/h3>\n\n\n\n<p>I gruppi 3-3 maturano dall&#8217;essere gruppi di discepolato a diventare chiese. Queste nuove chiese sono ora guidate da leader locali e indigeni che seguono i modelli biblici di base dello sviluppo delle chiese. Queste chiese sono responsabili di continuare ad andare avanti, riproducendo nuovi leader e insegnando loro a tornare ai Campi 1, 2 e 3 allo scopo di iniziare nuove chiese.<\/p>\n\n\n\n<h3 class=\"wp-block-heading\">Formazione e sviluppo della leadership<\/h3>\n\n\n\n<p>Il team del Search Party prega per i nuovi leader e li forma, in modo simile a questa formazione Gospel Conversations. Collaborando con chiese e ministeri locali, Search Party ha un centro che usiamo per condurre eventi di formazione. Conduciamo anche momenti di formazione simili attraverso una combinazione di eventi online e offline, utilizzando le traduzioni di Zume Training per formare nuovi leader locali per iniziare a lavorare attraverso il processo dei Quattro Campi descritto sopra.<\/p>\n","protected":false},"excerpt":{"rendered":"<p>Search Party \u00e8 un&#8217;organizzazione no-profit 501(c)3 del Colorado formata allo scopo di avviare movimenti di discepolato e di fondare chiese tra i gruppi di persone non raggiunte. Lavoriamo per trovare, addestrare e allenare le persone a seguire Ges\u00f9 Cristo e insegnare agli altri a fare lo stesso. La nostra organizzazione si evolver\u00e0 continuamente, ma sta [&hellip;]<\/p>\n","protected":false},"author":1,"featured_media":9584,"parent":0,"menu_order":0,"comment_status":"closed","ping_status":"closed","template":"","meta":{"_acf_changed":false,"english":"\/about","italian":"","footnotes":""},"class_list":["post-24","page","type-page","status-publish","has-post-thumbnail","hentry"],"acf":[],"featured_image_src":"https:\/\/media.searchparty.org\/wp-content\/uploads\/2024\/03\/27081132\/getty-images-KqCk68EpFEI-unsplash-600x400.jpeg","featured_image_src_square":"https:\/\/media.searchparty.org\/wp-content\/uploads\/2024\/03\/27081132\/getty-images-KqCk68EpFEI-unsplash-600x600.jpeg","_links":{"self":[{"href":"https:\/\/searchparty.org\/it\/wp-json\/wp\/v2\/pages\/24","targetHints":{"allow":["GET"]}}],"collection":[{"href":"https:\/\/searchparty.org\/it\/wp-json\/wp\/v2\/pages"}],"about":[{"href":"https:\/\/searchparty.org\/it\/wp-json\/wp\/v2\/types\/page"}],"author":[{"embeddable":true,"href":"https:\/\/searchparty.org\/it\/wp-json\/wp\/v2\/users\/1"}],"replies":[{"embeddable":true,"href":"https:\/\/searchparty.org\/it\/wp-json\/wp\/v2\/comments?post=24"}],"version-history":[{"count":3,"href":"https:\/\/searchparty.org\/it\/wp-json\/wp\/v2\/pages\/24\/revisions"}],"predecessor-version":[{"id":548,"href":"https:\/\/searchparty.org\/it\/wp-json\/wp\/v2\/pages\/24\/revisions\/548"}],"wp:featuredmedia":[{"embeddable":true,"href":"https:\/\/searchparty.org\/it\/wp-json\/"}],"wp:attachment":[{"href":"https:\/\/searchparty.org\/it\/wp-json\/wp\/v2\/media?parent=24"}],"curies":[{"name":"wp","href":"https:\/\/api.w.org\/{rel}","templated":true}]}}