{"id":539,"date":"2026-04-22T06:59:26","date_gmt":"2026-04-22T04:59:26","guid":{"rendered":"https:\/\/searchparty.org\/it\/?page_id=539"},"modified":"2026-04-22T07:59:53","modified_gmt":"2026-04-22T05:59:53","slug":"missionari-a-lungo-termine","status":"publish","type":"page","link":"https:\/\/searchparty.org\/it\/missionari-a-lungo-termine\/","title":{"rendered":"Missionari a lungo termine"},"content":{"rendered":"\n<h2 class=\"wp-block-heading\"><strong>Panoramica<\/strong><\/h2>\n\n\n\n<p>Search Party si concentra sull\u2019implementazione sul campo, affinch\u00e9 possiamo vedere movimenti di discepolato e di fondazione di chiese, sia negli Stati Uniti sia all\u2019estero. Ci concentriamo sui non raggiunti, utilizzando il processo delle Quattro Campi (Four Fields): coinvolgimento, discepolato, fondazione di chiese e sviluppo della leadership.<\/p>\n\n\n\n<p>Il nostro team \u00e8 attivamente impegnato nel reclutamento e nella ricerca di persone che facciano discepoli e avviino nuove chiese, cercando e collaborando con Partner Locali. Se desideri lavorare con un team di individui e famiglie impegnati che vogliono vedere il Regno di Dio arrivare e regnare in luoghi dove oggi non lo vediamo, questa potrebbe essere un\u2019opportunit\u00e0 per te.<\/p>\n\n\n\n<h2 class=\"wp-block-heading\"><strong>Dove lavorerai?<\/strong><\/h2>\n\n\n\n<p>Il nostro team \u00e8 in crescita in Italia e oltre, con una rete di collaboratori impegnati a fare discepoli e fondare chiese. Attualmente abbiamo posizioni a tempo pieno con team gi\u00e0 stabiliti sia a Roma sia a Catania. Clicca sui link di ciascuna citt\u00e0 per saperne di pi\u00f9 sulle opportunit\u00e0 disponibili tramite Search Party.<\/p>\n\n\n\n<h2 class=\"wp-block-heading\"><strong>Una rete di operatori<\/strong><\/h2>\n\n\n\n<p>Inoltre, stiamo anche lavorando per espandere la nostra rete di operatori che raggiungono i non raggiunti. Di seguito \u00e8 presente una mappa che mostra le localit\u00e0 in cui intendiamo inserire nuovi operatori. Alcune di queste localit\u00e0 hanno gi\u00e0 persone operative, alle quali potresti unirti. Altre no. Puoi cliccare sulla mappa per aprirla in una nuova scheda in Google Maps.<\/p>\n\n\n\n<figure class=\"wp-block-image size-full\"><img decoding=\"async\" src=\"https:\/\/media.searchparty.org\/wp-content\/uploads\/2021\/10\/27081211\/Screen-Shot-2021-10-29-at-11.22.08-AM.jpg\" alt=\"\" class=\"wp-image-6524\"\/><\/figure>\n\n\n\n<h2 class=\"wp-block-heading\"><strong>Quale sar\u00e0 il tuo ruolo?<\/strong><\/h2>\n\n\n\n<p>Search Party \u00e8 alla ricerca di persone che facciano discepoli, che possano operare tra i rifugiati e gli immigrati arrivati in Italia da gruppi di popolazioni non raggiunte in tutto il mondo, inclusi diversi paesi dell\u2019Africa, del Medio Oriente e dell\u2019Asia meridionale.<\/p>\n\n\n\n<h2 class=\"wp-block-heading\"><strong>Per iniziare<\/strong><\/h2>\n\n\n\n<p>Se sei interessato a saperne di pi\u00f9, parliamone! Il primo passo \u00e8 compilare questo modulo per esprimere il tuo interesse a far parte di ci\u00f2 che Dio sta facendo qui con Search Party. Saremo felici di entrare in contatto con te!<\/p>\n","protected":false},"excerpt":{"rendered":"<p>Panoramica Search Party si concentra sull\u2019implementazione sul campo, affinch\u00e9 possiamo vedere movimenti di discepolato e di fondazione di chiese, sia negli Stati Uniti sia all\u2019estero. Ci concentriamo sui non raggiunti, utilizzando il processo delle Quattro Campi (Four Fields): coinvolgimento, discepolato, fondazione di chiese e sviluppo della leadership. Il nostro team \u00e8 attivamente impegnato nel reclutamento [&hellip;]<\/p>\n","protected":false},"author":1,"featured_media":9776,"parent":0,"menu_order":0,"comment_status":"closed","ping_status":"closed","template":"page-long-term-team-members.php","meta":{"_acf_changed":false,"english":"\/long-term-team-members\/","italian":"","footnotes":""},"class_list":["post-539","page","type-page","status-publish","has-post-thumbnail","hentry"],"acf":[],"featured_image_src":"https:\/\/media.searchparty.org\/wp-content\/uploads\/2025\/02\/27081118\/papaioannou-kostas-tysecUm5HJA-unsplash-1-600x400.jpg","featured_image_src_square":"https:\/\/media.searchparty.org\/wp-content\/uploads\/2025\/02\/27081118\/papaioannou-kostas-tysecUm5HJA-unsplash-1-600x600.jpg","_links":{"self":[{"href":"https:\/\/searchparty.org\/it\/wp-json\/wp\/v2\/pages\/539","targetHints":{"allow":["GET"]}}],"collection":[{"href":"https:\/\/searchparty.org\/it\/wp-json\/wp\/v2\/pages"}],"about":[{"href":"https:\/\/searchparty.org\/it\/wp-json\/wp\/v2\/types\/page"}],"author":[{"embeddable":true,"href":"https:\/\/searchparty.org\/it\/wp-json\/wp\/v2\/users\/1"}],"replies":[{"embeddable":true,"href":"https:\/\/searchparty.org\/it\/wp-json\/wp\/v2\/comments?post=539"}],"version-history":[{"count":1,"href":"https:\/\/searchparty.org\/it\/wp-json\/wp\/v2\/pages\/539\/revisions"}],"predecessor-version":[{"id":540,"href":"https:\/\/searchparty.org\/it\/wp-json\/wp\/v2\/pages\/539\/revisions\/540"}],"wp:featuredmedia":[{"embeddable":true,"href":"https:\/\/searchparty.org\/it\/wp-json\/"}],"wp:attachment":[{"href":"https:\/\/searchparty.org\/it\/wp-json\/wp\/v2\/media?parent=539"}],"curies":[{"name":"wp","href":"https:\/\/api.w.org\/{rel}","templated":true}]}}