{"id":545,"date":"2026-04-22T09:24:09","date_gmt":"2026-04-22T07:24:09","guid":{"rendered":"https:\/\/searchparty.org\/it\/?page_id=545"},"modified":"2026-04-22T09:24:10","modified_gmt":"2026-04-22T07:24:10","slug":"tirocini-estivi","status":"publish","type":"page","link":"https:\/\/searchparty.org\/it\/tirocini-estivi\/","title":{"rendered":"Tirocini estivi"},"content":{"rendered":"\n<p>Il team di Search Party sta accettando candidature per tirocini. Se desideri saperne di pi\u00f9 su come lavorare con i rifugiati, entrare in contatto con persone di background musulmano e comprendere cosa significa servire Dio in questo contesto, questa potrebbe essere l\u2019opportunit\u00e0 perfetta per te.<\/p>\n\n\n\n<h2 class=\"wp-block-heading\">Attivit\u00e0 del tirocinio<\/h2>\n\n\n\n<p>Durante questi periodi ci saranno diversi tipi di ruoli e attivit\u00e0:<\/p>\n\n\n\n<ul class=\"wp-block-list\">\n<li>Coinvolgere direttamente i rifugiati nelle strade o all\u2019interno del centro ministeriale del team<\/li>\n\n\n\n<li>Partecipare ad attivit\u00e0 per coinvolgere singoli e gruppi di rifugiati, tra cui giochi, corsi, riparazioni di biciclette, grigliate e altre iniziative<\/li>\n\n\n\n<li>Condividere la tua testimonianza e il Vangelo utilizzando gli strumenti del ministero Search Party<\/li>\n\n\n\n<li>Fare discepolato con nuovi ed esistenti individui e gruppi che hanno espresso interesse nel cercare Dio attraverso le storie bibliche. Avviare nuovi studi con individui e gruppi interessati utilizzando il processo di scoperta biblica del Gruppo 3-3<\/li>\n\n\n\n<li>Sperimentare la vita di un nuovo missionario facendo i primi passi nell\u2019apprendimento della lingua italiana<\/li>\n<\/ul>\n\n\n\n<h2 class=\"wp-block-heading\">Finanziamento<\/h2>\n\n\n\n<p>Il finanziamento del tuo tirocinio avviene attraverso diversi mezzi, tra cui fondi personali o raccolta di sostegno per coprire le spese durante il soggiorno in Italia. Di seguito \u00e8 riportato un esempio di budget mensile per una persona singola che vive con coinquilini. Questo budget \u00e8 solo indicativo ed \u00e8 soggetto a variazioni in base a fattori come il tasso di cambio, la stagione e la disponibilit\u00e0. Un budget finale sar\u00e0 fornito nella primavera del 2022.<\/p>\n\n\n\n<p><strong>Categoria \u2014 Budget mensile in dollari<\/strong><\/p>\n\n\n\n<ul class=\"wp-block-list\">\n<li>Alloggio, utenze, telefono, internet \u2014 $1100<\/li>\n\n\n\n<li>Spesa alimentare, spese di vita \u2014 $460<\/li>\n\n\n\n<li>Scuola di italiano \u2014 $300<\/li>\n\n\n\n<li>Trasporti \u2014 $40<\/li>\n\n\n\n<li><strong>Totale \u2014 $1900<\/strong><\/li>\n<\/ul>\n\n\n\n<p>Possiamo fornire un budget per coppie e famiglie basato sulla loro situazione specifica.<\/p>\n\n\n\n<h2 class=\"wp-block-heading\">Requisiti<\/h2>\n\n\n\n<p>I requisiti del programma includono quanto segue:<\/p>\n\n\n\n<ul class=\"wp-block-list\">\n<li>Devi avere almeno 18 anni e un passaporto valido per almeno sei mesi dopo la data di partenza dall\u2019Italia<\/li>\n\n\n\n<li>Devi essere in grado di finanziare il tuo soggiorno in Italia e fornire un\u2019assicurazione sanitaria valida in Italia. I dettagli sono riportati nella sezione Q&amp;A qui sotto<\/li>\n\n\n\n<li>Devi completare con successo i colloqui condotti dalla tua organizzazione e dallo staff di Search Party.<\/li>\n\n\n\n<li>Devi fornire tre referenze non familiari che possano parlare del tuo carattere e siano familiari con il tuo desiderio di partecipare al programma di tirocinio<\/li>\n\n\n\n<li>Lo staff di Search Party deve infine approvare la tua candidatura<\/li>\n<\/ul>\n\n\n\n<h2 class=\"wp-block-heading\">Domande e Risposte<\/h2>\n\n\n\n<h3 class=\"wp-block-heading\">Panoramica del ministero<\/h3>\n\n\n\n<p>Stiamo chiedendo a Dio di usarci per avviare un movimento di discepolato tra i rifugiati di background musulmano. Potresti chiederti: cos\u2019\u00e8 un movimento di discepolato? Non abbiamo creato questi video, ma questi due su YouTube possono aiutarti a comprendere meglio cosa intendiamo:<\/p>\n\n\n\n<ul class=\"wp-block-list\">\n<li>Disciple Making Movement Explained (1:35)<\/li>\n\n\n\n<li>What are disciple making movements? (4:39)<\/li>\n<\/ul>\n\n\n\n<p>I rifugiati arrivano regolarmente in Italia, a volte anche centinaia o migliaia in un solo mese. Crediamo che questo rappresenti una finestra di opportunit\u00e0 per entrare in relazione con coloro che arrivano, i quali potrebbero poi portare con s\u00e9 il messaggio del Vangelo mentre proseguono il loro viaggio o, eventualmente, tornare nei loro paesi d\u2019origine. Il nostro desiderio non \u00e8 solo vedere un movimento di discepolato qui, ma anche vedere il Vangelo portato direttamente nei luoghi dove questi discepoli andranno.<\/p>\n\n\n\n<h3 class=\"wp-block-heading\">Come lo facciamo?<\/h3>\n\n\n\n<p><strong>Preghiera:<\/strong> Prima di tutto, preghiamo regolarmente affinch\u00e9 Dio ci mostri leader all\u2019interno della comunit\u00e0 dei rifugiati e apra opportunit\u00e0 per servire la comunit\u00e0 in modo utile.<\/p>\n\n\n\n<p><strong>Coinvolgimento della comunit\u00e0 e \u201cpersona di pace\u201d:<\/strong> Cerchiamo di coinvolgere la comunit\u00e0 dei rifugiati e seminare il Vangelo, cercando una \u201cpersona di pace\u201d. Chiediamo a Dio di rivelare un leader aperto, disposto a comprendere e obbedire a Dio attraverso le Scritture e pronto a condividere ci\u00f2 che ha imparato.<\/p>\n\n\n\n<p><strong>Discepolato fino alla conversione:<\/strong> Utilizziamo un processo di studio biblico basato sulla scoperta chiamato Gruppo 3-3 per insegnare sia alla persona di pace che alla sua comunit\u00e0 a obbedire alle Scritture e a seguire Ges\u00f9.<\/p>\n\n\n\n<p><strong>Mentoring e sviluppo della leadership:<\/strong> I discepoli di Ges\u00f9 dovrebbero fare altri discepoli, quindi insegniamo a coloro che raggiungiamo a seguire lo stesso processo: pregare, coinvolgere la comunit\u00e0, identificare una persona di pace e fare discepolato.<\/p>\n\n\n\n<h3 class=\"wp-block-heading\">Da dove provengono i rifugiati?<\/h3>\n\n\n\n<p>I rifugiati provengono da molti paesi dell\u2019Africa e del Medio Oriente. I gruppi pi\u00f9 numerosi arrivati recentemente in Sicilia provengono da Eritrea, Somalia, Nigeria, Gambia, Senegal e altri paesi africani. Si incontrano anche persone provenienti da Bangladesh, Egitto, Sudan, Pakistan o Afghanistan.<\/p>\n\n\n\n<h3 class=\"wp-block-heading\">Qual \u00e8 la distribuzione per et\u00e0 e genere?<\/h3>\n\n\n\n<p>Non ci sono statistiche precise, ma la nostra esperienza indica che la maggior parte dei rifugiati sono uomini tra i 20 e i 40 anni. Ci sono anche molte donne e bambini, ma sono fortemente protetti dal governo italiano.<\/p>\n\n\n\n<h3 class=\"wp-block-heading\">Quali idee sbagliate sui rifugiati dovrebbero essere chiarite?<\/h3>\n\n\n\n<p>Il tema dei rifugiati pu\u00f2 essere difficile da comprendere. Abbiamo creato un documento che risponde alle idee sbagliate pi\u00f9 comuni. \u00c8 fondamentale avere empatia e sensibilit\u00e0 verso il loro percorso difficile. Consigliamo anche la visione di un documentario sui rifugiati.<\/p>\n\n\n\n<h3 class=\"wp-block-heading\">Come saranno coinvolti i tirocinanti?<\/h3>\n\n\n\n<p>Ci sono quattro attivit\u00e0 principali:<\/p>\n\n\n\n<ul class=\"wp-block-list\">\n<li>Pregare regolarmente, individualmente e insieme<\/li>\n\n\n\n<li>Incontrare i rifugiati e condividere la propria fede a Catania e Roma<\/li>\n\n\n\n<li>Avviare gruppi 3\/3 con persone interessate<\/li>\n\n\n\n<li>Imparare la lingua italiana attraverso un programma formativo<\/li>\n<\/ul>\n\n\n\n<h3 class=\"wp-block-heading\">Quali lingue parlano i rifugiati?<\/h3>\n\n\n\n<p>Si parlano molte lingue e dialetti, ma spesso \u00e8 possibile comunicare in inglese. In altri casi, qualcuno nel gruppo pu\u00f2 tradurre. Parlare francese, arabo o altre lingue \u00e8 un grande vantaggio.<\/p>\n\n\n\n<h3 class=\"wp-block-heading\">Non ho esperienza con i musulmani. Cosa devo dire?<\/h3>\n\n\n\n<p>Non lasciare che questo ti fermi! Offriamo una formazione obbligatoria prima della partenza. Una volta arrivato in Sicilia, sarai pronto a interagire, anche se continueremo a esercitarci insieme.<\/p>\n\n\n\n<p>Consigliamo anche questi libri:<\/p>\n\n\n\n<ul class=\"wp-block-list\">\n<li><em>Muslims, Christians and Jesus<\/em> di Carl Medearis<\/li>\n\n\n\n<li><em>Contagious Disciple Making<\/em> di David Watson<\/li>\n<\/ul>\n\n\n\n<h3 class=\"wp-block-heading\">\u00c8 sicuro lavorare tra i musulmani in Sicilia?<\/h3>\n\n\n\n<p>N\u00e9 noi n\u00e9 i nostri partner siciliani abbiamo sperimentato violenza lavorando tra i rifugiati. \u00c8 importante essere prudenti nel comunicare pubblicamente il nostro lavoro. Pur non potendo garantire la sicurezza assoluta, riteniamo che sia generalmente un ambiente sicuro per i team.<\/p>\n","protected":false},"excerpt":{"rendered":"<p>Il team di Search Party sta accettando candidature per tirocini. Se desideri saperne di pi\u00f9 su come lavorare con i rifugiati, entrare in contatto con persone di background musulmano e comprendere cosa significa servire Dio in questo contesto, questa potrebbe essere l\u2019opportunit\u00e0 perfetta per te. Attivit\u00e0 del tirocinio Durante questi periodi ci saranno diversi tipi [&hellip;]<\/p>\n","protected":false},"author":1,"featured_media":5855,"parent":0,"menu_order":0,"comment_status":"closed","ping_status":"closed","template":"page-summer-internship.php","meta":{"_acf_changed":false,"english":"\/summer-internship\/","italian":"","footnotes":""},"class_list":["post-545","page","type-page","status-publish","has-post-thumbnail","hentry"],"acf":[],"featured_image_src":"https:\/\/media.searchparty.org\/wp-content\/uploads\/2021\/08\/27081213\/helena-lopes-PGnqT0rXWLs-unsplash-600x400.jpeg","featured_image_src_square":"https:\/\/media.searchparty.org\/wp-content\/uploads\/2021\/08\/27081213\/helena-lopes-PGnqT0rXWLs-unsplash-600x600.jpeg","_links":{"self":[{"href":"https:\/\/searchparty.org\/it\/wp-json\/wp\/v2\/pages\/545","targetHints":{"allow":["GET"]}}],"collection":[{"href":"https:\/\/searchparty.org\/it\/wp-json\/wp\/v2\/pages"}],"about":[{"href":"https:\/\/searchparty.org\/it\/wp-json\/wp\/v2\/types\/page"}],"author":[{"embeddable":true,"href":"https:\/\/searchparty.org\/it\/wp-json\/wp\/v2\/users\/1"}],"replies":[{"embeddable":true,"href":"https:\/\/searchparty.org\/it\/wp-json\/wp\/v2\/comments?post=545"}],"version-history":[{"count":1,"href":"https:\/\/searchparty.org\/it\/wp-json\/wp\/v2\/pages\/545\/revisions"}],"predecessor-version":[{"id":547,"href":"https:\/\/searchparty.org\/it\/wp-json\/wp\/v2\/pages\/545\/revisions\/547"}],"wp:featuredmedia":[{"embeddable":true,"href":"https:\/\/searchparty.org\/it\/wp-json\/"}],"wp:attachment":[{"href":"https:\/\/searchparty.org\/it\/wp-json\/wp\/v2\/media?parent=545"}],"curies":[{"name":"wp","href":"https:\/\/api.w.org\/{rel}","templated":true}]}}